{"id":11,"date":"2007-12-05T11:45:11","date_gmt":"2007-12-05T10:45:11","guid":{"rendered":"http:\/\/www.tushita.com\/blog\/vertriebdistribution\/"},"modified":"2018-07-06T13:46:06","modified_gmt":"2018-07-06T11:46:06","slug":"vertriebdistribution","status":"publish","type":"page","link":"http:\/\/www.tushita.com\/blog2\/vertriebdistribution\/","title":{"rendered":"Distribution"},"content":{"rendered":"<span class='wp-content-mark' id='wp-content-1'><\/span><p>&nbsp;<\/p>\n<table width=\"100%\" cellspacing=\"0\" border=\"0\">\n<tbody>\n<tr style=\"background-color: #cccccc;\">\n<td colspan=\"2\" height=\"20px\" align=\"left\">\n<h1 style=\"margin-left: 5px;\"><strong>Au\u00dfendienstmitarbeiter<\/strong><\/h1>\n<\/td>\n<\/tr>\n<p><!-- detlef --><\/p>\n<tr style=\"background-color: #eeeeee;\">\n<td colspan=\"2\" bgcolor=\"#FFFFFF\" align=\"left\">&nbsp;<\/td>\n<\/tr>\n<tr style=\"background-color: #eeeeee;\">\n<td colspan=\"2\" align=\"left\">\n<h3><span style=\"color: #ff0000;\">\u00bb<\/span> Detlef Zalejski &#8211; PLZ 34-37, 50-56, 60-69, 70-79, 90-93, 97 (nur W\u00fcrzburg)<\/h3>\n<\/td>\n<\/tr>\n<tr>\n<td align=\"left\">Mobil<\/td>\n<td align=\"left\">0151-188 020 65<\/td>\n<\/tr>\n<tr>\n<td align=\"left\">Fax<\/td>\n<td align=\"left\">0212-221 89 86<\/td>\n<\/tr>\n<tr>\n<td align=\"left\">e-Mail<\/td>\n<td align=\"left\"><a href=\"mailto:zalejskis@web.de\">zalejskis@web.de<\/a><\/td>\n<\/tr>\n<tr>\n<td align=\"left\">&nbsp;<\/td>\n<td align=\"left\">&nbsp;<\/td>\n<\/tr>\n<p><!-- Horst Kossack --><\/p>\n<tr style=\"background-color: #eeeeee;\">\n<td colspan=\"2\" align=\"left\">\n<h3><span style=\"color: #ff0000;\">\u00bb<\/span> R. Kossack &#8211; Verlagsvertretung-Gro\u00dfkunden<\/h3>\n<\/td>\n<\/tr>\n<tr>\n<td align=\"left\">Mobil<\/td>\n<td align=\"left\">0170-358 27 11<\/td>\n<\/tr>\n<tr>\n<td align=\"left\">Fax-Nr.<\/td>\n<td align=\"left\">040-25 17 87 17<\/td>\n<\/tr>\n<tr>\n<td align=\"left\">B\u00fcro\/Office<\/td>\n<td align=\"left\">040-25 17 84 64+65<\/td>\n<\/tr>\n<tr>\n<td align=\"left\">e-Mail<\/td>\n<td align=\"left\"><a href=\"mailto:r.kossak-hh@t-online.de\">r.kossack-hh@t-online.de<\/a><\/td>\n<\/tr>\n<tr>\n<td align=\"left\">&nbsp;<\/td>\n<td align=\"left\">&nbsp;<\/td>\n<\/tr>\n<p><!-- Frank Toussaint --><\/p>\n<tr style=\"background-color: #eeeeee;\">\n<td colspan=\"2\" align=\"left\">\n<h3><span style=\"color: #ff0000;\">\u00bb<\/span> Frank Toussaint &#8211; PLZ 10-19<\/h3>\n<\/td>\n<\/tr>\n<tr>\n<td align=\"left\">Mobil<\/td>\n<td align=\"left\">0171-8310431<\/td>\n<\/tr>\n<tr>\n<td align=\"left\">e-Mail<\/td>\n<td align=\"left\"><a href=\"mailto:frank.toussaint@googlemail.com\">frank.toussaint@googlemail.com<\/a><\/td>\n<\/tr>\n<tr>\n<td align=\"left\">&nbsp;<\/td>\n<td align=\"left\">&nbsp;<\/td>\n<\/tr>\n<p><!-- Martina Schollbach --><\/p>\n<tr style=\"background-color: #eeeeee;\">\n<td colspan=\"2\" align=\"left\">\n<h3><span style=\"color: #ff0000;\">\u00bb<\/span> Martina Schollbach &#8211; Th\u00fcringen &#8211; Sachsen, Sachsen-Anhalt<\/h3>\n<\/td>\n<\/tr>\n<tr>\n<td align=\"left\">Telefon<\/td>\n<td align=\"left\">0163-3443123<\/td>\n<\/tr>\n<tr>\n<td align=\"left\">Fax<\/td>\n<td align=\"left\">035243-47134<\/td>\n<\/tr>\n<tr>\n<td align=\"left\">e-Mail<\/td>\n<td align=\"left\"><a href=\"mailto:martina@schollbach.org\">martina@schollbach.org<\/a><\/td>\n<\/tr>\n<tr>\n<td align=\"left\">&nbsp;<\/td>\n<td align=\"left\">&nbsp;<\/td>\n<\/tr>\n<p><!-- Kurt Kaltenbacher --><\/p>\n<tr style=\"background-color: #eeeeee;\">\n<td colspan=\"2\" align=\"left\">\n<h3><span style=\"color: #ff0000;\">\u00bb<\/span> Kurt Kaltenbacher &#8211; Verkaufsrepr\u00e4sentant \u00d6sterreich<\/h3>\n<\/td>\n<\/tr>\n<tr>\n<td align=\"left\">Mobil<\/td>\n<td align=\"left\">(+43) 06991-3017527<\/td>\n<\/tr>\n<tr>\n<td align=\"left\">Fax<\/td>\n<td align=\"left\">0043-2254 7510121<\/td>\n<\/tr>\n<tr>\n<td align=\"left\">e-Mail<\/td>\n<td align=\"left\"><a href=\"mailto:k.kaltenbacher@inode.at\">k.kaltenbacher@inode.at<\/a><\/td>\n<\/tr>\n<tr>\n<td align=\"left\">&nbsp;<\/td>\n<td align=\"left\">&nbsp;<\/td>\n<\/tr>\n<p><!-- Justus Wurth --><\/p>\n<tr style=\"background-color: #eeeeee;\">\n<td colspan=\"2\" align=\"left\">\n<h3><span style=\"color: #ff0000;\">\u00bb<\/span> Justus Wurth &#8211; Verkaufsrepr\u00e4sentant \u00d6sterreich<\/h3>\n<\/td>\n<\/tr>\n<tr>\n<td align=\"left\">Mobil<\/td>\n<td align=\"left\">(+43) 0650-268 38 58<\/td>\n<\/tr>\n<tr>\n<td align=\"left\">Fax<\/td>\n<td align=\"left\">0043-2683-85 80<\/td>\n<\/tr>\n<tr>\n<td align=\"left\">e-Mail<\/td>\n<td align=\"left\"><a href=\"mailto:justus.wurth@bnet.at\">justus.wurth@bnet.at<\/a><\/td>\n<\/tr>\n<tr>\n<td align=\"left\">&nbsp;<\/td>\n<td align=\"left\">&nbsp;<\/td>\n<\/tr>\n<p><!-- Tanja Strecker --><!-- Peter Wolpert --><\/p>\n<tr style=\"background-color: #eeeeee;\">\n<td colspan=\"2\" align=\"left\">\n<h3><span style=\"color: #ff0000;\">\u00bb<\/span> Peter Wolpert &#8211; PLZ teilweise 70, 80000-97999, Bodensee-Gebiet PLZ 88000 und Regensburg<\/h3>\n<\/td>\n<\/tr>\n<tr>\n<td align=\"left\">Mobil<\/td>\n<td align=\"left\">0171-779 37 33<\/td>\n<\/tr>\n<tr>\n<td align=\"left\">Telefon\/B\u00fcro-Office<\/td>\n<td align=\"left\">017158-637 77<\/td>\n<\/tr>\n<tr>\n<td align=\"left\">Fax<\/td>\n<td align=\"left\">07158-74 70<\/td>\n<\/tr>\n<tr>\n<td align=\"left\">e-Mail<\/td>\n<td align=\"left\"><a href=\"mailto:peter.wolpert@web.de\">peter.wolpert@web.de<\/a><\/td>\n<\/tr>\n<tr>\n<td align=\"left\">&nbsp;<\/td>\n<\/tr>\n<p><!-- Birgit und Friedel Horndasch --><\/p>\n<tr style=\"background-color: #eeeeee;\">\n<td colspan=\"2\" align=\"left\">\n<h3><span style=\"color: #ff0000;\">\u00bb<\/span> Birgit und Friedel Horndasch &#8211; PLZ 30-33, 38-39, 42-49<\/h3>\n<\/td>\n<\/tr>\n<tr>\n<td width=\"125\" align=\"left\">mobil<\/td>\n<td width=\"568\" align=\"left\">0163-279 27 65<\/td>\n<\/tr>\n<tr>\n<td align=\"left\">&nbsp;<\/td>\n<td align=\"left\">&nbsp;<\/td>\n<\/tr>\n<tr>\n<td align=\"left\">e-Mail<\/td>\n<td align=\"left\"><a href=\"mailto:fhorndasch@gmail.com\">fhorndasch@gmail.com<\/a><\/td>\n<\/tr>\n<tr>\n<td align=\"left\">&nbsp;<\/td>\n<td align=\"left\">&nbsp;<\/td>\n<\/tr>\n<p><!-- Winfried D\u00fcnninger --><\/p>\n<tr style=\"background-color: #eeeeee;\">\n<td colspan=\"2\" align=\"left\">\n<h3><span style=\"color: #ff0000;\">\u00bb<\/span> Winfried D\u00fcnninger &#8211; PLZ 80-97 (au\u00dfer W\u00fcrzburg und Aschaffenburg)<\/h3>\n<\/td>\n<\/tr>\n<tr>\n<td width=\"125\" align=\"left\">Telefon<\/td>\n<td width=\"568\" align=\"left\">09324-903952<\/td>\n<\/tr>\n<tr>\n<td align=\"left\">&nbsp;<\/td>\n<td align=\"left\">&nbsp;<\/td>\n<\/tr>\n<tr>\n<td align=\"left\">e-Mail<\/td>\n<td align=\"left\"><a href=\"mailto:s.tschacher@vertrieb-tschacher.de\">duenninger@t-online.de<\/a><\/td>\n<\/tr>\n<tr>\n<td align=\"left\">&nbsp;<\/td>\n<td align=\"left\">&nbsp;<\/td>\n<\/tr>\n<p><!-- Nicole Martsch --><\/p>\n<tr style=\"background-color: #eeeeee;\">\n<td colspan=\"2\" align=\"left\">\n<h3><span style=\"color: #ff0000;\">\u00bb<\/span> Nicole Martsch &#8211; PLZ 20-29<\/h3>\n<\/td>\n<\/tr>\n<tr>\n<td width=\"125\" align=\"left\">mobil<\/td>\n<td width=\"568\" align=\"left\">0177-67 88 208<\/td>\n<\/tr>\n<tr>\n<td align=\"left\">&nbsp;<\/td>\n<td align=\"left\">&nbsp;<\/td>\n<\/tr>\n<tr>\n<td align=\"left\">e-Mail<\/td>\n<td align=\"left\"><a href=\"mailto:Nicole.martsch@tushita.com\">Nicole.martsch@tushita.com<\/a><\/td>\n<\/tr>\n<\/tbody>\n<\/table>\n","protected":false},"excerpt":{"rendered":"<p>&nbsp; Au\u00dfendienstmitarbeiter &nbsp; \u00bb Detlef Zalejski &#8211; PLZ 34-37, 50-56, 60-69, 70-79, 90-93, 97 (nur W\u00fcrzburg) Mobil 0151-188 020 65 Fax 0212-221 89 86 e-Mail zalejskis@web.de &nbsp; &nbsp; \u00bb R. Kossack &#8211; Verlagsvertretung-Gro\u00dfkunden Mobil 0170-358 27 11 Fax-Nr. 040-25 17 87 17 B\u00fcro\/Office 040-25 17 84 64+65 e-Mail r.kossack-hh@t-online.de &nbsp; &nbsp; \u00bb Frank Toussaint &#8211; &hellip; <\/p>\n<p class=\"link-more\"><a href=\"http:\/\/www.tushita.com\/blog2\/vertriebdistribution\/\" class=\"more-link\"><span class=\"screen-reader-text\">\u201eDistribution\u201c<\/span> weiterlesen<\/a><\/p>\n","protected":false},"author":1,"featured_media":0,"parent":0,"menu_order":90,"comment_status":"closed","ping_status":"closed","template":"","meta":{"ngg_post_thumbnail":0},"_links":{"self":[{"href":"http:\/\/www.tushita.com\/blog2\/wp-json\/wp\/v2\/pages\/11"}],"collection":[{"href":"http:\/\/www.tushita.com\/blog2\/wp-json\/wp\/v2\/pages"}],"about":[{"href":"http:\/\/www.tushita.com\/blog2\/wp-json\/wp\/v2\/types\/page"}],"author":[{"embeddable":true,"href":"http:\/\/www.tushita.com\/blog2\/wp-json\/wp\/v2\/users\/1"}],"replies":[{"embeddable":true,"href":"http:\/\/www.tushita.com\/blog2\/wp-json\/wp\/v2\/comments?post=11"}],"version-history":[{"count":124,"href":"http:\/\/www.tushita.com\/blog2\/wp-json\/wp\/v2\/pages\/11\/revisions"}],"predecessor-version":[{"id":3241,"href":"http:\/\/www.tushita.com\/blog2\/wp-json\/wp\/v2\/pages\/11\/revisions\/3241"}],"wp:attachment":[{"href":"http:\/\/www.tushita.com\/blog2\/wp-json\/wp\/v2\/media?parent=11"}],"curies":[{"name":"wp","href":"https:\/\/api.w.org\/{rel}","templated":true}]}}