{"id":14,"date":"2007-12-07T19:32:07","date_gmt":"2007-12-07T18:32:07","guid":{"rendered":"http:\/\/www.tushita.com\/blog\/anfahrt\/"},"modified":"2015-12-22T11:21:49","modified_gmt":"2015-12-22T10:21:49","slug":"anfahrt","status":"publish","type":"page","link":"http:\/\/www.tushita.com\/blog2\/anfahrt\/","title":{"rendered":"Anfahrt\/Directions"},"content":{"rendered":"<span class='wp-content-mark' id='wp-content-1'><\/span><div lang=\"de\">\n<\/p>\n<p align=\"left\"><strong>Hinweise zur Bedienung der Karte:<\/strong><br \/>\nDie Karte ist von Google und wird folgenderma\u00dfen bedient:<br \/>\n\u2013 rechts oben in der Karte k\u00f6nnen Sie die Ansicht w\u00e4hlen: Karte, Satellit oder Gel\u00e4nde,<br \/>\n\u2013 links oben in der Karte k\u00f6nnen Sie die Karte vergr\u00f6\u00dfern oder verkleinern,<br \/>\n\u2013 klicken Sie auf den blauen Markierungspfeil um die Anfahrtroute zu berechnen,<br \/>\n\u2013 dann auf den Link &#8222;Hierhin&#8220; klicken und die eigenen Daten eingeben.<br \/>\nDas wars schon!<\/p>\n<\/div>\n<div lang=\"en\">\n<p align=\"left\"><strong>Instructions on how to use the card:<\/strong><br \/>\nThe card is from Google and works this way:<br \/>\n\u2013 Right on top of the map, you can choose to view: Map, satellite or land<br \/>\n\u2013 Left-top of the map you can enlarge or reduce the map<br \/>\n\u2013 Click on the blue arrow marking the route map to be calculated. Then on the &#8222;Here&#8220; button and enter their own data.<br \/>\nThat&#8217;s it!<\/p>\n<\/div>\n<div lang=\"fr\">\n<p align=\"left\"><strong>Cett carte st un service de Google et tr\u00e8s facile \u00e0 utiliser:<\/strong><br \/>\n\u00e0 droite, il y a la possibilit\u00e8 de choisir la vue: carte, satellit ou paysage. A gauche, vous pouvez grandir et r\u00e8duire la vue, donc, quand pousser le marquage bleu, vous pouvez \u00e9valuer la route.<br \/>\nEnfin, justement entrez votre donn\u00e9es personelles.<br \/>\nCa y\u2018est!<\/p>\n<\/div>\n<p><iframe loading=\"lazy\" width=\"425\" height=\"350\" frameborder=\"0\" scrolling=\"no\" marginheight=\"0\" marginwidth=\"0\" src=\"http:\/\/maps.google.de\/maps?q=tushita&amp;sll=51.443047,6.794225&amp;cid=13351124953266780319&amp;hl=de&amp;ie=UTF8&amp;hq=tushita&amp;hnear=&amp;t=h&amp;ll=51.442994,6.794175&amp;spn=0.004788,0.01001&amp;output=embed\"><\/iframe><br \/><small><a href=\"http:\/\/maps.google.de\/maps?q=tushita&amp;sll=51.443047,6.794225&amp;cid=13351124953266780319&amp;hl=de&amp;ie=UTF8&amp;hq=tushita&amp;hnear=&amp;t=h&amp;ll=51.442994,6.794175&amp;spn=0.004788,0.01001&amp;source=embed\" style=\"color:#0000FF;text-align:left\">Gr\u00f6\u00dfere Kartenansicht<\/a><\/small><\/p>\n","protected":false},"excerpt":{"rendered":"<p>Hinweise zur Bedienung der Karte: Die Karte ist von Google und wird folgenderma\u00dfen bedient: \u2013 rechts oben in der Karte k\u00f6nnen Sie die Ansicht w\u00e4hlen: Karte, Satellit oder Gel\u00e4nde, \u2013 links oben in der Karte k\u00f6nnen Sie die Karte vergr\u00f6\u00dfern oder verkleinern, \u2013 klicken Sie auf den blauen Markierungspfeil um die Anfahrtroute zu berechnen, \u2013 &hellip; <\/p>\n<p class=\"link-more\"><a href=\"http:\/\/www.tushita.com\/blog2\/anfahrt\/\" class=\"more-link\"><span class=\"screen-reader-text\">\u201eAnfahrt\/Directions\u201c<\/span> weiterlesen<\/a><\/p>\n","protected":false},"author":1,"featured_media":0,"parent":0,"menu_order":120,"comment_status":"closed","ping_status":"closed","template":"","meta":{"ngg_post_thumbnail":0},"_links":{"self":[{"href":"http:\/\/www.tushita.com\/blog2\/wp-json\/wp\/v2\/pages\/14"}],"collection":[{"href":"http:\/\/www.tushita.com\/blog2\/wp-json\/wp\/v2\/pages"}],"about":[{"href":"http:\/\/www.tushita.com\/blog2\/wp-json\/wp\/v2\/types\/page"}],"author":[{"embeddable":true,"href":"http:\/\/www.tushita.com\/blog2\/wp-json\/wp\/v2\/users\/1"}],"replies":[{"embeddable":true,"href":"http:\/\/www.tushita.com\/blog2\/wp-json\/wp\/v2\/comments?post=14"}],"version-history":[{"count":5,"href":"http:\/\/www.tushita.com\/blog2\/wp-json\/wp\/v2\/pages\/14\/revisions"}],"predecessor-version":[{"id":2810,"href":"http:\/\/www.tushita.com\/blog2\/wp-json\/wp\/v2\/pages\/14\/revisions\/2810"}],"wp:attachment":[{"href":"http:\/\/www.tushita.com\/blog2\/wp-json\/wp\/v2\/media?parent=14"}],"curies":[{"name":"wp","href":"https:\/\/api.w.org\/{rel}","templated":true}]}}