{"id":15,"date":"2007-12-13T10:40:31","date_gmt":"2007-12-13T09:40:31","guid":{"rendered":"http:\/\/www.tushita.com\/blog\/tushita-in-duisburg\/"},"modified":"2022-10-17T09:58:35","modified_gmt":"2022-10-17T07:58:35","slug":"tushita-company","status":"publish","type":"page","link":"http:\/\/www.tushita.com\/blog2\/tushita-company\/","title":{"rendered":"Company"},"content":{"rendered":"<span class='wp-content-mark' id='wp-content-1'><\/span><div lang=\"de\">\n<p align=\"left\">Wir sind ein sehr lebendiges, innovatives deutsches Unternehmen, das in fast 30 Jahren zu einem der f\u00fchrenden Kalender- und Kartenverlage angewachsen ist. Kreativit\u00e4t und Qualit\u00e4t verbinden sich zu einer der angesehensten Editionen mit hoher Akzeptanz bei den Verbrauchern in Europa, Amerika und Asien. Unsere Produkte werden auf umweltfreundlichen Materialien und \u2013 soweit m\u00f6glich \u2013 umweltfreundlichen Konditionen gedruckt.<\/p>\n<p align=\"left\">Wir werden durch diverse Kooperationen international vertreten und sind auf vielen Fachmessen in aller Welt pr\u00e4sent:<\/p>\n<p style=\"font-weight: bold;\" align=\"left\">Frankfurt Ambiente, Frankfurt Paperworld, Birmingham Spring Fair, New York Art Expo, New York Stationery, Frankfurt Buchmesse, Chicago Book Fair \u2026<br \/>\nund viele andere.<\/p>\n<p align=\"left\">Eine aktuelle Liste finden Sie unter der Rubrik <strong>Messen\/fairs<\/strong>.<\/p>\n<p align=\"left\">TUSHITA- Produkte haben einen sehr hohen Exportanteil (68%) im Vergleich mit allen deutschen Bildverlagen. Sie sind definitiv EXPORTGEPR\u00dcFT. Wir bem\u00fchen uns um umweltgerechte Standards und produzieren nicht in China. Unsere unterschiedlichen Produktreihen werden sowohl im Netz (z.B. von der Firma E-com Trading GmbH) vertrieben, als auch durch spezielle Kataloge vorgestellt. <strong><br \/>\nUnser Angebot kann \u00fcber den lokalen Fachhandel, Buchl\u00e4den und Kaufh\u00e4usern und in unserem <a title=\"TUSHITA Online-Shop\" href=\"http:\/\/www.tushita.de\">Online-Shop<\/a> erworben werden.<\/strong><\/p>\n<\/div>\n<div lang=\"en\">\n<p align=\"left\">TUSHITA PUBLISHING GERMANY became one of the leading calendar and card publishers of ethnic and spiritual editions within the last 30 years. Our products are produced with great care and understanding.<\/p>\n<p>Creativity and innovative quality describe our products and they are highly accepted around the world.<\/p>\n<p>Tushita products are produced, mainly, in an environmental friendly manner. Not only the papers and inks are chosen with care. Due to the difficult conditions of production and the negative environmental factors of transport and our protest against the conditions in Tibet we refrain from printing in China. For more than years Tushita constantly gives support to Tibet related NOG\u2019s like Tibet Image Bank, Nepal Prisoners Association and Pauenhof e.V.<\/p>\n<p align=\"left\">We are represented by international distributors while we are present on many of the major shows like:<br \/>\n<strong>Frankfurt Ambiente, Frankfurt Paperworld, Birmingham Spring Fair, New York Art Expo, New York Stationery Show, Frankfurt Bookfair, Chicago Bookfair and many others\u2026<\/strong><\/p>\n<p>Please refer to fairs or distribution for the latest dates.<\/p>\n<p align=\"left\">Our product lines are available through the Internet and by ordering from our latest catalogues while our products are available in local stores, book shops and chosen Internet shops (<a title=\"TUSHITA Verlag Online-Shop\" href=\"http:\/\/www.tushita.de\" target=\"_blank\" rel=\"noopener\">www.tushita.de<\/a>).<\/p>\n<p>Please do not hesitate to contact us directly for further information.<br \/>\nWe have our own company in the USA : Tushita Inc. in Yeadon, near Philadelphia<\/p>\n<p>For export and all countries besides Germany please contact :<br \/>\n<strong><a title=\"Mailadresse Expo TUSHITA Verlag\" href=\"mailto: expo@tushita.com\">expo@tushita.com<\/a><\/strong><\/p>\n<\/div>\n<div lang=\"fr\">\n<p align=\"left\">TUSHITA PUBLISHING ALLEMAGNE est devenu un des \u00e9diteurs majeurs dans le monde de l\u2019\u00e9dition de calendriers et de cartes sur les 3 derni\u00e8res ann\u00e9es. Nos produits sont fabriqu\u00e9s avec le maximum de soin et de compr\u00e9hension.<br \/>\nLa cr\u00e9ativit\u00e9 et l\u2019innovation sont deux des qualit\u00e9s qui sont les n\u00f4tres et qui sont hautement appr\u00e9ci\u00e9es dans le monde entier.<br \/>\nTous nos produits respectent au maximum les concepts de respect de l\u2019environnement. Pas seulement le papier mais aussi les encres qui sont choisies avec soin. En raison des conditions particuli\u00e8rement difficiles de production, de l\u2019impact n\u00e9gatif du transport sur l\u2019\u00e9cologie et de notre soutien total au tib\u00e9tains contre la sanglante r\u00e9pression chinoise, nous nous refusons toute impression en Chine. Depuis des ann\u00e9es, TUSHITA a toujours support\u00e9 des ONG comme Tibet image Bank, N\u00e9pal prisonniers association et Pauenhof e.V.<br \/>\nNous avons des distributeurs dans la majorit\u00e9 des pays et sommes pr\u00e9sents sur les grands salons internationaux\u00a0:<br \/>\n<strong>Frankfurt Ambiente, Frankfurt Paperworld, Birmingham Spring Fair, New York Art Expo, New York Stationery Show, Frankfurt Bookfair, Chicago Bookfair et d\u2019autres encore<\/strong><br \/>\nJe vous prie de contacter les salons ou votre distributeur pour conna\u00eetre les dates pr\u00e9cises.<br \/>\nTous nos produits sont disponibles au travers de notre site internet ou de notre dernier catalogue et sont revendus par des d\u00e9taillants ou des sites en ligne s\u00e9lectionn\u00e9s.<br \/>\nVous pouvez nous contacter en direct pour plus d\u2019informations.<br \/>\nNous avons notre propre soci\u00e9t\u00e9 aux USA\u00a0: Tushita Inc. in Yeadon, near Philadelphia.<br \/>\nPour tous renseignements concernant l\u2019 export, contactez nous sur:<br \/>\n<strong><a title=\"Mailadresse Expo TUSHITA Verlag\" href=\"mailto: expo@tushita.com\">expo@tushita.com<\/a><\/strong><\/p>\n<\/div>\n","protected":false},"excerpt":{"rendered":"<p>Wir sind ein sehr lebendiges, innovatives deutsches Unternehmen, das in fast 30 Jahren zu einem der f\u00fchrenden Kalender- und Kartenverlage angewachsen ist. Kreativit\u00e4t und Qualit\u00e4t verbinden sich zu einer der angesehensten Editionen mit hoher Akzeptanz bei den Verbrauchern in Europa, Amerika und Asien. Unsere Produkte werden auf umweltfreundlichen Materialien und \u2013 soweit m\u00f6glich \u2013 umweltfreundlichen &hellip; <\/p>\n<p class=\"link-more\"><a href=\"http:\/\/www.tushita.com\/blog2\/tushita-company\/\" class=\"more-link\"><span class=\"screen-reader-text\">\u201eCompany\u201c<\/span> weiterlesen<\/a><\/p>\n","protected":false},"author":1,"featured_media":0,"parent":0,"menu_order":20,"comment_status":"closed","ping_status":"closed","template":"","meta":{"ngg_post_thumbnail":0},"_links":{"self":[{"href":"http:\/\/www.tushita.com\/blog2\/wp-json\/wp\/v2\/pages\/15"}],"collection":[{"href":"http:\/\/www.tushita.com\/blog2\/wp-json\/wp\/v2\/pages"}],"about":[{"href":"http:\/\/www.tushita.com\/blog2\/wp-json\/wp\/v2\/types\/page"}],"author":[{"embeddable":true,"href":"http:\/\/www.tushita.com\/blog2\/wp-json\/wp\/v2\/users\/1"}],"replies":[{"embeddable":true,"href":"http:\/\/www.tushita.com\/blog2\/wp-json\/wp\/v2\/comments?post=15"}],"version-history":[{"count":26,"href":"http:\/\/www.tushita.com\/blog2\/wp-json\/wp\/v2\/pages\/15\/revisions"}],"predecessor-version":[{"id":4017,"href":"http:\/\/www.tushita.com\/blog2\/wp-json\/wp\/v2\/pages\/15\/revisions\/4017"}],"wp:attachment":[{"href":"http:\/\/www.tushita.com\/blog2\/wp-json\/wp\/v2\/media?parent=15"}],"curies":[{"name":"wp","href":"https:\/\/api.w.org\/{rel}","templated":true}]}}