{"id":7,"date":"2007-12-04T15:40:23","date_gmt":"2007-12-04T14:40:23","guid":{"rendered":"http:\/\/www.tushita.com\/blog\/?page_id=4"},"modified":"2022-10-19T15:52:02","modified_gmt":"2022-10-19T13:52:02","slug":"impressum","status":"publish","type":"page","link":"http:\/\/www.tushita.com\/blog2\/impressum\/","title":{"rendered":"Impressum"},"content":{"rendered":"<span class='wp-content-mark' id='wp-content-1'><\/span><div lang=\"de\">\n<strong>Adresse Stammhaus<\/strong><br \/>\nTushita Verlags GmbH<br \/>\nBahnhofstra\u00dfe 47<br \/>\n47447 Moers<br \/>\nTelefon 0049-(0)203-80097-0<br \/>\nFax 0049-(0)203-80097-15<br \/>\ne-mail <a href=\"mailto:tushita@tushita.com\">tushita@tushita.com<\/a><br \/>\nInternet <a href=\"https:\/\/tushita.de\">https:\/\/tushita.de<\/a><br \/>\nUmsatzsteuer-ID DE 121315727<br \/>\nAmtsgericht Duisburg, HRB 4699<br \/>\nIHK Duisburg\/Wesel<\/p>\n<p><strong>Gesch\u00e4ftsf\u00fchrerin<\/strong><br \/>\nIlka M\u00fcller-Mennrich<\/p>\n<p><strong>Website-Administration<\/strong><br \/>\n<a href=\"mailto:info@e-com-kalender.de\">e.Com Trading<\/a><\/p>\n<\/div>\n<div lang=\"en\">\n<strong>Address Headquarters<\/strong><br \/>\nTushita Verlag GmbH<br \/>\nMeidericher Strasse 6-8<br \/>\n47058 Duisburg<\/p>\n<p><strong>Managing Director<\/strong><br \/>\nIlka M\u00fcller-Mennrich<br \/>\nMeidericher Strasse 6\u20138<br \/>\n47058 Duisburg<br \/>\nPhone 0049 &#8211; (0) 203-80097-0<br \/>\nFax 0049 &#8211; (0) 203-80097-15<br \/>\nE-mail <a href=\"mailto:tushita@tushita.com\">tushita@tushita.com<\/a><br \/>\nVAT DE 121315727<br \/>\nAmtsgericht Duisburg, HRB 4699<br \/>\nIHK Duisburg\/Wesel<\/p>\n<p lang=\"en\"><strong>Website-Administration<\/strong><br \/>\n<a href=\"mailto:info@e-com-kalender.de\">e.Com Trading<\/a><\/p>\n<\/div>\n<div lang=\"fr\">\n<p><strong>Adresse de la maison m\u00e8re<\/strong><br \/>\nTushita Verlag GmbH<br \/>\nMeidericher Strasse 6-8<br \/>\n47058 Duisburg<\/p>\n<p><strong>Pr\u00e9sident-Directeur-G\u00e9n\u00e9ral<\/strong><br \/>\nIlka M\u00fcller-Mennrich<br \/>\nMeidericher Strasse 6-830<br \/>\n47058 Duisburg<br \/>\nT\u00e9l\u00e9phone 0049 &#8211; (0) 203-80097-0<br \/>\nFax 0049 &#8211; (0) 203-80097-15<br \/>\nE-mail <a href=\"mailto:tushita@tushita.com\">tushita@tushita.com<\/a><br \/>\nTVA DE 121315727<br \/>\nAmtsgericht Duisburg HRB 4699<br \/>\nIHK Duisburg\/Wesel<\/p>\n<p><strong>Website-Adminestrer<\/strong><br \/>\n<a href=\"mailto:info@e-com-kalender.de\">e.Com Trading<\/a><\/p>\n<\/div>\n","protected":false},"excerpt":{"rendered":"<p>Adresse Stammhaus Tushita Verlags GmbH Bahnhofstra\u00dfe 47 47447 Moers Telefon 0049-(0)203-80097-0 Fax 0049-(0)203-80097-15 e-mail tushita@tushita.com Internet https:\/\/tushita.de Umsatzsteuer-ID DE 121315727 Amtsgericht Duisburg, HRB 4699 IHK Duisburg\/Wesel Gesch\u00e4ftsf\u00fchrerin Ilka M\u00fcller-Mennrich Website-Administration e.Com Trading Address Headquarters Tushita Verlag GmbH Meidericher Strasse 6-8 47058 Duisburg Managing Director Ilka M\u00fcller-Mennrich Meidericher Strasse 6\u20138 47058 Duisburg Phone 0049 &#8211; (0) &hellip; <\/p>\n<p class=\"link-more\"><a href=\"http:\/\/www.tushita.com\/blog2\/impressum\/\" class=\"more-link\"><span class=\"screen-reader-text\">\u201eImpressum\u201c<\/span> weiterlesen<\/a><\/p>\n","protected":false},"author":1,"featured_media":0,"parent":0,"menu_order":110,"comment_status":"closed","ping_status":"closed","template":"","meta":{"ngg_post_thumbnail":0},"_links":{"self":[{"href":"http:\/\/www.tushita.com\/blog2\/wp-json\/wp\/v2\/pages\/7"}],"collection":[{"href":"http:\/\/www.tushita.com\/blog2\/wp-json\/wp\/v2\/pages"}],"about":[{"href":"http:\/\/www.tushita.com\/blog2\/wp-json\/wp\/v2\/types\/page"}],"author":[{"embeddable":true,"href":"http:\/\/www.tushita.com\/blog2\/wp-json\/wp\/v2\/users\/1"}],"replies":[{"embeddable":true,"href":"http:\/\/www.tushita.com\/blog2\/wp-json\/wp\/v2\/comments?post=7"}],"version-history":[{"count":46,"href":"http:\/\/www.tushita.com\/blog2\/wp-json\/wp\/v2\/pages\/7\/revisions"}],"predecessor-version":[{"id":4052,"href":"http:\/\/www.tushita.com\/blog2\/wp-json\/wp\/v2\/pages\/7\/revisions\/4052"}],"wp:attachment":[{"href":"http:\/\/www.tushita.com\/blog2\/wp-json\/wp\/v2\/media?parent=7"}],"curies":[{"name":"wp","href":"https:\/\/api.w.org\/{rel}","templated":true}]}}