{"id":705,"date":"2010-04-09T09:38:15","date_gmt":"2010-04-09T07:38:15","guid":{"rendered":"http:\/\/www.tushita.com\/blog\/?page_id=705"},"modified":"2013-08-01T12:46:25","modified_gmt":"2013-08-01T10:46:25","slug":"tushita-and-fair-trade","status":"publish","type":"page","link":"http:\/\/www.tushita.com\/blog2\/tushita-and-fair-trade\/","title":{"rendered":"TUSHITA and Fair Trade"},"content":{"rendered":"<span class='wp-content-mark' id='wp-content-1'><\/span><div lang=\"de\">\nSeit mehr als 28 Jahren unterst\u00fctzen wir weltweit verschiedene NGO&#8217;s:<br \/>\n1. Nepal Prisoners Associations (Soziale Arbeit in Nepalesischen Gef\u00e4ngnissen)<br \/>\n2. Nepal Womens Network (Integration und berufliche Selbstst\u00e4ndigkeit)<br \/>\n3. Tibet Support Group NL<br \/>\n4. Pauenhof e.V. (kultureller und gemeinn\u00fctziger Verein)<br \/>\n5. Students for a free Tibet, USA (junge Aktivisten weltweit)<br \/>\n6. Tibet Initiative Deutschland<\/p>\n<p>&#8230;und weitere.<\/p>\n<p>Alle NGO&#8217;s sind offiziell eingetragene soziale, politische, mildt\u00e4tige und gemeinn\u00fctzige Organisationen. Sie unterliegen der jeweiligen staatlichen Aufsicht.<\/p>\n<p>Unsere Produkte werden unter umweltfreundlichen Bedingungen hergestellt:<\/p>\n<p>1. Alle Papierprodukte sind in Deutschland hergestellt<br \/>\n2. Wir produzieren mit umweltfreundlichen Materialien<br \/>\n3. Wir vermeiden umst\u00e4ndliche Transportwege<br \/>\n4. Wir lassen nichts in China herstellen oder weiterverarbeiten<br \/>\n5. Wir arbeiten mit lokalen und internationalen Organisationen zusammen, die den Fair-Trade-Bedingungen unterliegen.\n<\/p><\/div>\n<div lang=\"en\">\nTUSHITA Fair-Trade  en Since more than 28 years we support Non-Governement-Organisations worldwide, some of them are listed here:1. Nepal Prisoners Associations (social workwithwomen &amp; children in Nepalese prisons, www.panepal.org )<br \/>\n2. Nepal Womens Network (educational programms for Integration www.panepal.org )<br \/>\n3. Tibet Support Group NL www.tibet.nu<br \/>\n4. Pauenhof e.V. Germany (cultural &amp; charitable trust) www.pauenhof.de<br \/>\n5. Students for a Free Tibet, USA (activists) www.studentsforafreetibet.org<br \/>\n6. Tibet Initiative, Germany www.tibet-initiative.de<\/p>\n<p>and others.<\/p>\n<p>All NGO&#8217;s are officially registered social- or charity organisations and under govenrment supervision.<\/p>\n<p>Our products are produced with environmental care:<\/p>\n<p>1. All paper products are produced in Germany.<br \/>\n2. We fulfill the environmental requirements for paper and inks.<br \/>\n3. We avoid long ways of transportation.<br \/>\n4. Our products are not produced in China.<br \/>\n5. We cooperate with organisations of International Fairtrade standards.<\/p>\n<\/div>\n<div lang=\"fr\">\nTushita du commerce \u00e9quitable en Depuis plus de 28 ans nous soutenons non-Governement organisations \u00e0 travers le monde, certains d&#8217;entre eux sont \u00e9num\u00e9r\u00e9s ici: 1. Prisonniers du N\u00e9pal Associations (workwithwomen sociaux et les enfants dans les prisons n\u00e9palaises, www.panepal.org)<br \/>\n2. N\u00e9pal Femmes r\u00e9seau (programms d&#8217;\u00e9ducation pour l&#8217;int\u00e9gration www.panepal.org)<br \/>\n3. Tibet Support Group NL www.tibet.nu<br \/>\n4. Pauenhof e.V. Allemagne (la confiance culturelle et caritative) www.pauenhof.de<br \/>\n5. \u00c9tudiants pour un Tibet Libre, Etats-Unis (les militants) www.studentsforafreetibet.org<br \/>\n6. Tibet Initiative, Allemagne www.tibet-initiative.de<\/p>\n<p>et d&#8217;autres.<\/p>\n<p>Toutes les ONG sont officiellement enregistr\u00e9s organisations sociales ou la charit\u00e9 et sous la supervision govenrment.<\/p>\n<p>Nos produits sont fabriqu\u00e9s avec soin de l&#8217;environnement:<\/p>\n<p>1. Tous les produits de papier sont produites en Allemagne.<br \/>\n2. Nous remplissons les exigences environnementales pour le papier et les encres.<br \/>\n3. Nous \u00e9vitons les longs chemins de transport.<br \/>\n4. Nos produits ne sont pas fabriqu\u00e9s en Chine.<br \/>\n5. Nous coop\u00e9rons avec des organisations internationales de normes de commerce \u00e9quitable.<\/p>\n<\/div>\n","protected":false},"excerpt":{"rendered":"<p>Seit mehr als 28 Jahren unterst\u00fctzen wir weltweit verschiedene NGO&#8217;s: 1. Nepal Prisoners Associations (Soziale Arbeit in Nepalesischen Gef\u00e4ngnissen) 2. Nepal Womens Network (Integration und berufliche Selbstst\u00e4ndigkeit) 3. Tibet Support Group NL 4. Pauenhof e.V. (kultureller und gemeinn\u00fctziger Verein) 5. Students for a free Tibet, USA (junge Aktivisten weltweit) 6. Tibet Initiative Deutschland &#8230;und weitere. &hellip; <\/p>\n<p class=\"link-more\"><a href=\"http:\/\/www.tushita.com\/blog2\/tushita-and-fair-trade\/\" class=\"more-link\"><span class=\"screen-reader-text\">\u201eTUSHITA and Fair Trade\u201c<\/span> weiterlesen<\/a><\/p>\n","protected":false},"author":1,"featured_media":0,"parent":0,"menu_order":30,"comment_status":"closed","ping_status":"closed","template":"","meta":{"ngg_post_thumbnail":0},"_links":{"self":[{"href":"http:\/\/www.tushita.com\/blog2\/wp-json\/wp\/v2\/pages\/705"}],"collection":[{"href":"http:\/\/www.tushita.com\/blog2\/wp-json\/wp\/v2\/pages"}],"about":[{"href":"http:\/\/www.tushita.com\/blog2\/wp-json\/wp\/v2\/types\/page"}],"author":[{"embeddable":true,"href":"http:\/\/www.tushita.com\/blog2\/wp-json\/wp\/v2\/users\/1"}],"replies":[{"embeddable":true,"href":"http:\/\/www.tushita.com\/blog2\/wp-json\/wp\/v2\/comments?post=705"}],"version-history":[{"count":3,"href":"http:\/\/www.tushita.com\/blog2\/wp-json\/wp\/v2\/pages\/705\/revisions"}],"predecessor-version":[{"id":1389,"href":"http:\/\/www.tushita.com\/blog2\/wp-json\/wp\/v2\/pages\/705\/revisions\/1389"}],"wp:attachment":[{"href":"http:\/\/www.tushita.com\/blog2\/wp-json\/wp\/v2\/media?parent=705"}],"curies":[{"name":"wp","href":"https:\/\/api.w.org\/{rel}","templated":true}]}}